{"id":50,"date":"2024-11-26T18:07:54","date_gmt":"2024-11-26T18:07:54","guid":{"rendered":"http:\/\/marcin.wserwis.waw.pl\/?page_id=50"},"modified":"2026-04-16T19:02:42","modified_gmt":"2026-04-16T19:02:42","slug":"o_mnie","status":"publish","type":"page","link":"https:\/\/mwieczorek.pl\/","title":{"rendered":"O mnie"},"content":{"rendered":"\n<h2 class=\"wp-block-heading\" style=\"font-size:30px\">O mnie<\/h2>\n\n\n\n<div class=\"wp-block-group\"><div class=\"wp-block-group__inner-container is-layout-constrained wp-block-group-is-layout-constrained\">\n<div class=\"wp-block-media-text has-media-on-the-right is-stacked-on-mobile\" style=\"grid-template-columns:auto 29%\"><div class=\"wp-block-media-text__content\">\n<p> Marcin Wieczorek (1971) \u2013 poeta, socjolog kultury, literaturoznawca. Wyda\u0142 tomy poetyckie: \/Z ostatniej chwili\/ (Warszawa 1992) i \/Otwarcie\/ (Krak\u00f3w 2002) oraz monografi\u0119 pisma Roberta Tekieli \u2013 \u201ebruLion. Instrukcja obs\u0142ugi&#8221; (Krak\u00f3w 2005). 14 lat pracy jako wyk\u0142adowca na uczelniach w Warszawie i Pu\u0142tusku. 7 lat kamienio\u0142om\u00f3w w Ministerstwie Kultury i Dziedzictwa Narodowego. Od 8 lat obrabia social media Antykwariatu Galerii <a href=\"http:\/\/www.atticus.pl\" data-type=\"link\" data-id=\"www.atticus.pl\">Atticus.pl<\/a>. Na stronie znajdziesz m. in. filmy przygotowywane dla antykwariatu, fragment ksi\u0105\u017cki o &#8222;bruLionie&#8221;, zdj\u0119cia, tomik poezji &#8222;Otwarcie&#8221;, ostatnie wiersze oraz p\u0142yt\u0119 &#8222;Miasto przygn\u0119bienia&#8221; (wiersze+jazz), teksty i projekty autorskich zaj\u0119\u0107.<\/p>\n<\/div><figure class=\"wp-block-media-text__media\"><img loading=\"lazy\" decoding=\"async\" width=\"716\" height=\"1024\" src=\"https:\/\/mwieczorek.pl\/wp-content\/uploads\/2025\/01\/zdjecie-na-str-glowna-z-tekstem-mini-716x1024.jpg\" alt=\"\" class=\"wp-image-1734 size-full\" srcset=\"https:\/\/mwieczorek.pl\/wp-content\/uploads\/2025\/01\/zdjecie-na-str-glowna-z-tekstem-mini-716x1024.jpg 716w, https:\/\/mwieczorek.pl\/wp-content\/uploads\/2025\/01\/zdjecie-na-str-glowna-z-tekstem-mini-210x300.jpg 210w, https:\/\/mwieczorek.pl\/wp-content\/uploads\/2025\/01\/zdjecie-na-str-glowna-z-tekstem-mini-768x1099.jpg 768w, https:\/\/mwieczorek.pl\/wp-content\/uploads\/2025\/01\/zdjecie-na-str-glowna-z-tekstem-mini.jpg 808w\" sizes=\"auto, (max-width: 716px) 100vw, 716px\" \/><\/figure><\/div>\n<\/div><\/div>\n\n\n\n<h2 class=\"wp-block-heading\" style=\"font-size:30px\">Antykwariat Galeria Atticus<\/h2>\n\n\n\n<div class=\"wp-block-columns is-layout-flex wp-container-core-columns-is-layout-9d6595d7 wp-block-columns-is-layout-flex\">\n<div class=\"wp-block-column is-layout-flow wp-block-column-is-layout-flow\">\n<figure class=\"wp-block-embed is-type-video is-provider-youtube wp-block-embed-youtube wp-embed-aspect-16-9 wp-has-aspect-ratio\"><div class=\"wp-block-embed__wrapper\">\n<iframe loading=\"lazy\" title=\"Joachim LELEWEL, &quot;Polska. Dzieje i rzeczy jej rozpatrywane&quot;, tom IV \u201eDostojno\u015bci i urz\u0119dy...&quot;, 1856\" width=\"720\" height=\"405\" src=\"https:\/\/www.youtube.com\/embed\/n_xnXvQrlCo?feature=oembed\" frameborder=\"0\" allow=\"accelerometer; autoplay; clipboard-write; encrypted-media; gyroscope; picture-in-picture; web-share\" referrerpolicy=\"strict-origin-when-cross-origin\" allowfullscreen><\/iframe>\n<\/div><\/figure>\n\n\n\n<p>Najnowszy film. Do tej pory przygotowa\u0142em ok. 1200 wideo dla antykwariatu Atticus (dost\u0119pne s\u0105 na <a href=\"http:\/\/www.youtube.com\/@AntykwariatAtticusWarszawa\" data-type=\"link\" data-id=\"www.youtube.com\/@AntykwariatAtticusWarszawa\">stronie atticusa na youtubie<\/a>)<\/p>\n<\/div>\n\n\n\n<div class=\"wp-block-column is-vertically-aligned-center is-layout-flow wp-block-column-is-layout-flow\">\n<p>Antykwariat Galeria Atticus dzia\u0142a ju\u017c od blisko \u0107wier\u0107 wieku, z czego oko\u0142o 20 lat przy Krakowskim Przedmie\u015bciu 12. Mo\u017cna tu znale\u017a\u0107 \u015bwietn\u0105 ksi\u0105\u017ck\u0119, kupi\u0107 grafik\u0119, star\u0105 map\u0119 i wiele jeszcze innych fascynuj\u0105cych \u015bwiadectw dawnej kultury.<br>W 2024 nominowany w konkursie na \u201eUlubion\u0105 Ksi\u0119garni\u0119 Warszawy\u201d w kategorii \u201eantykwariat\u201d.<\/p>\n<\/div>\n<\/div>\n\n\n\n<h2 class=\"wp-block-heading\" style=\"font-size:30px\"><a href=\"https:\/\/mwieczorek.pl\/?page_id=508\" data-type=\"page\" data-id=\"508\">Wiersze <\/a><\/h2>\n\n\n\n<p> Wiersze ostatnie, napisane do 2010 r. <\/p>\n\n\n<ul class=\"wp-block-latest-posts__list is-grid columns-2 wp-block-latest-posts\"><li><a class=\"wp-block-latest-posts__post-title\" href=\"https:\/\/mwieczorek.pl\/?p=1175\">T\u0119sknota<\/a><div class=\"wp-block-latest-posts__post-full-content\"><!-- wp:verse -->\n<pre class=\"wp-block-verse\">Potrzebuj\u0119 ci\u0119, wr\u00f3\u0107,<br>nie mam ochoty na siebie,<br>mam ochot\u0119 na ciebie,<br>ciebie chc\u0119,<br>daleko dalej ni\u017c nale\u017cy,<br>za daleko,<br>jeste\u015b zbyt daleko,<br>zanim tam dojd\u0119, umr\u0119.<br>Umr\u0119 bez ciebie, przez ciebie,<br>uwa\u017caj!, jestem \u015bmiertelny,<br>nie licz na mnie, nie jestem wieczny,<br>umr\u0119, nie b\u0119d\u0119 tu czeka\u0142.<br><br>Mam g\u0142ow\u0119 pociskiem przebit\u0105,<br>krwawi\u0119 i twarz mi zbiela\u0142a.<br><br>Nie mog\u0119 \u017cy\u0107 bez ciebie,<br>bez ciebie mog\u0119 tylko umrze\u0107.<br>Nie chc\u0119 by\u0107 sam.<br>Sam starzej\u0119 si\u0119<br>w tempie przyspieszonym kiczowatych horror\u00f3w.<br>Czuj\u0119 twoje usta,<br>nie mog\u0119 si\u0119 poruszy\u0107.<\/pre>\n<!-- \/wp:verse --><\/div><\/li>\n<li><a class=\"wp-block-latest-posts__post-title\" href=\"https:\/\/mwieczorek.pl\/?p=672\">* * * [jestem jak ska\u0142a]<\/a><div class=\"wp-block-latest-posts__post-full-content\"><!-- wp:verse -->\n<pre class=\"wp-block-verse\">jestem jak ska\u0142a,<br><br>uderzony kruszej\u0119, rozpadam si\u0119 w palcach,<br><br>jestem jak stal,<br><br>rdza wdziera si\u0119 w zakamarki i rozsadza sk\u00f3r\u0119,<br><br>jestem jak drzewo,<br><br>spuchni\u0119ty, w \u015brodku pr\u00f3chnopylny,<br><br>jestem jak morze,<br><br>zawsze zako\u0144czony brzegiem, granic\u0105 nad.<br><br>wszystko jest tylko kwesti\u0105 czasu, kt\u00f3ry tworzy ze mnie<br>nast\u0119pn\u0105 (kolejn\u0105, now\u0105) figur\u0119 odwiecznego trwania -<br>obraz na \u015bcianie, \u015bcian\u0119 i \u015blady d\u0142oni na niej.<br><\/pre>\n<!-- \/wp:verse --><\/div><\/li>\n<\/ul>\n\n\n<h2 class=\"wp-block-heading\"><a href=\"https:\/\/mwieczorek.pl\/?page_id=1650\" data-type=\"page\" data-id=\"1650\">P\u0142yta &#8222;Miasto przygn\u0119bienia&#8221;<\/a><\/h2>\n\n\n<style>.kb-row-layout-id50_dc45ee-cd > .kt-row-column-wrap{align-content:center;}:where(.kb-row-layout-id50_dc45ee-cd > .kt-row-column-wrap) > .wp-block-kadence-column{justify-content:center;}.kb-row-layout-id50_dc45ee-cd > .kt-row-column-wrap{column-gap:var(--global-kb-gap-md, 2rem);row-gap:var(--global-kb-gap-md, 2rem);padding-top:var(--global-kb-spacing-sm, 1.5rem);padding-bottom:var(--global-kb-spacing-xxl, 5rem);grid-template-columns:minmax(0, 1fr) minmax(0, 2fr);}.kb-row-layout-id50_dc45ee-cd > .kt-row-layout-overlay{opacity:0.30;}@media all and (max-width: 1024px){.kb-row-layout-id50_dc45ee-cd > .kt-row-column-wrap{grid-template-columns:minmax(0, 1fr) minmax(0, 2fr);}}@media all and (max-width: 767px){.kb-row-layout-id50_dc45ee-cd > .kt-row-column-wrap{grid-template-columns:minmax(0, 1fr);}}<\/style><div class=\"kb-row-layout-wrap kb-row-layout-id50_dc45ee-cd alignnone wp-block-kadence-rowlayout\"><div class=\"kt-row-column-wrap kt-has-2-columns kt-row-layout-right-golden kt-tab-layout-inherit kt-mobile-layout-row kt-row-valign-middle\">\n<style>.kadence-column50_e58da9-81 > .kt-inside-inner-col,.kadence-column50_e58da9-81 > .kt-inside-inner-col:before{border-top-left-radius:0px;border-top-right-radius:0px;border-bottom-right-radius:0px;border-bottom-left-radius:0px;}.kadence-column50_e58da9-81 > .kt-inside-inner-col{column-gap:var(--global-kb-gap-sm, 1rem);}.kadence-column50_e58da9-81 > .kt-inside-inner-col{flex-direction:column;}.kadence-column50_e58da9-81 > .kt-inside-inner-col > .aligncenter{width:100%;}.kadence-column50_e58da9-81 > .kt-inside-inner-col:before{opacity:0.3;}.kadence-column50_e58da9-81{position:relative;}@media all and (max-width: 1024px){.kadence-column50_e58da9-81 > .kt-inside-inner-col{flex-direction:column;justify-content:center;}}@media all and (max-width: 767px){.kadence-column50_e58da9-81 > .kt-inside-inner-col{flex-direction:column;justify-content:center;}}<\/style>\n<div class=\"wp-block-kadence-column kadence-column50_e58da9-81\"><div class=\"kt-inside-inner-col\"><div class=\"wp-block-image\">\n<figure class=\"aligncenter size-full\"><img loading=\"lazy\" decoding=\"async\" width=\"800\" height=\"711\" src=\"https:\/\/mwieczorek.pl\/wp-content\/uploads\/2025\/01\/okladki-plyty-miasto-01.webp\" alt=\"\" class=\"wp-image-1666\" srcset=\"https:\/\/mwieczorek.pl\/wp-content\/uploads\/2025\/01\/okladki-plyty-miasto-01.webp 800w, https:\/\/mwieczorek.pl\/wp-content\/uploads\/2025\/01\/okladki-plyty-miasto-01-300x267.webp 300w, https:\/\/mwieczorek.pl\/wp-content\/uploads\/2025\/01\/okladki-plyty-miasto-01-768x683.webp 768w\" sizes=\"auto, (max-width: 800px) 100vw, 800px\" \/><\/figure>\n<\/div><\/div><\/div>\n\n\n<style>.kadence-column50_036f09-62 > .kt-inside-inner-col,.kadence-column50_036f09-62 > .kt-inside-inner-col:before{border-top-left-radius:0px;border-top-right-radius:0px;border-bottom-right-radius:0px;border-bottom-left-radius:0px;}.kadence-column50_036f09-62 > .kt-inside-inner-col{column-gap:var(--global-kb-gap-sm, 1rem);}.kadence-column50_036f09-62 > .kt-inside-inner-col{flex-direction:column;}.kadence-column50_036f09-62 > .kt-inside-inner-col > .aligncenter{width:100%;}.kadence-column50_036f09-62 > .kt-inside-inner-col:before{opacity:0.3;}.kadence-column50_036f09-62{position:relative;}@media all and (max-width: 1024px){.kadence-column50_036f09-62 > .kt-inside-inner-col{flex-direction:column;justify-content:center;}}@media all and (max-width: 767px){.kadence-column50_036f09-62 > .kt-inside-inner-col{flex-direction:column;justify-content:center;}}<\/style>\n<div class=\"wp-block-kadence-column kadence-column50_036f09-62\"><div class=\"kt-inside-inner-col\">\n<p>W 2007-2008 roku odby\u0142y si\u0119 cztery warszawskie koncerty, w trakcie kt\u00f3rych czyta\u0142em swoje wiersze do muzyki jazzowej, wykonywanej przez zaprzyja\u017aniony zesp\u00f3\u0142 Untitled, czyli Artur Mirowski (gitara), Marcin Kobus (tr\u0105bka), Gamid Ibadullayev (perkusja) i Andrzej Szczirij\/Eryk Pastwa (bas). <\/p>\n\n\n\n<p>Efektem ko\u0144cowym by\u0142o wydanie &#8211; w 2009 r. &#8211; p\u0142yty (wiersze+jazz): Marcin Wieczorek &amp; Untitled &#8222;Miasto przygn\u0119bienia&#8221;, <a href=\"https:\/\/mwieczorek.pl\/?page_id=1650\" data-type=\"page\" data-id=\"1650\">kt\u00f3rej mo\u017cesz pos\u0142ucha\u0107 tu.<\/a><\/p>\n<\/div><\/div>\n\n<\/div><\/div>\n\n<div class=\"wp-block-image\">\n<figure class=\"alignright size-full is-resized\"><img loading=\"lazy\" decoding=\"async\" width=\"230\" height=\"338\" src=\"https:\/\/mwieczorek.pl\/wp-content\/uploads\/2025\/01\/brulion_instrukcja_obslugi.jpg\" alt=\"\" class=\"wp-image-1309\" style=\"width:280px;height:auto\" srcset=\"https:\/\/mwieczorek.pl\/wp-content\/uploads\/2025\/01\/brulion_instrukcja_obslugi.jpg 230w, https:\/\/mwieczorek.pl\/wp-content\/uploads\/2025\/01\/brulion_instrukcja_obslugi-204x300.jpg 204w\" sizes=\"auto, (max-width: 230px) 100vw, 230px\" \/><\/figure>\n<\/div>\n\n\n<p><\/p>\n\n\n\n<h2 class=\"wp-block-heading\"><a href=\"https:\/\/mwieczorek.pl\/wp-admin\/post.php?post=1307&amp;action=edit\">Teksty <\/a><\/h2>\n\n\n\n<p><strong>\u201ebruLion. Instrukcja obs\u0142ugi\u201d (Krak\u00f3w, 2005). Fragment<\/strong><\/p>\n\n\n\n<p><strong>KULTURA ALTERNATYWNA. POCZ\u0104TKI<\/strong><br>Ju\u017c w czwartym numerze pojawi\u0142a si\u0119 bardzo wa\u017cna rubryka dotycz\u0105ca dzia\u0142a\u0144 \u015brodowisk alternatywnych pt. \u201eGara\u017c\u201d. Od tego momentu materia\u0142y po\u015bwi\u0119cone kulturze alternatywnej powoli stawa\u0142y si\u0119 charakterystyczne dla nowego kwartalnika, cho\u0107 w \u00f3wczesnym modelu kultury rzeczywiste skierowanie uwagi na zjawiska spoza dw\u00f3ch g\u0142\u00f3wnych antagonistycznych system\u00f3w nie by\u0142o \u0142atwe. Pismo potrafi\u0142o jednak dostrzega\u0107 zjawiska, kt\u00f3re rodzi\u0142y si\u0119 i rozwija\u0142y na marginesach g\u0142\u00f3wnych nurt\u00f3w. W\u015br\u00f3d nich znalaz\u0142y si\u0119 r\u00f3\u017cne odmiany dzia\u0142a\u0144 alternatywnych m\u0142odych, zar\u00f3wno politycznych, jak i artystycznych. Po\u015bwi\u0119canie im uwagi by\u0142o odpowiedzi\u0105 na obserwowane postawy tw\u00f3rc\u00f3w i dzia\u0142aczy zar\u00f3wno drugiego, jak i oficjalnego obiegu kulturalnego, w kt\u00f3rych nie mie\u015bci\u0142o si\u0119 zainteresowanie tego typu dzia\u0142alno\u015bci\u0105 m\u0142odzie\u017cy.&nbsp;<\/p>\n","protected":false},"excerpt":{"rendered":"<p>O mnie Marcin Wieczorek (1971) \u2013 poeta, socjolog kultury, literaturoznawca. Wyda\u0142 tomy poetyckie: \/Z ostatniej chwili\/ (Warszawa 1992) i \/Otwarcie\/ (Krak\u00f3w 2002) oraz monografi\u0119 pisma Roberta Tekieli \u2013 \u201ebruLion. Instrukcja obs\u0142ugi&#8221; (Krak\u00f3w 2005). 14 lat pracy jako wyk\u0142adowca na uczelniach w Warszawie i Pu\u0142tusku. 7 lat kamienio\u0142om\u00f3w w Ministerstwie Kultury i Dziedzictwa Narodowego. Od 8&#8230;<\/p>\n","protected":false},"author":1,"featured_media":737,"parent":0,"menu_order":0,"comment_status":"closed","ping_status":"closed","template":"","meta":{"_kad_post_transparent":"","_kad_post_title":"","_kad_post_layout":"left","_kad_post_sidebar_id":"","_kad_post_content_style":"default","_kad_post_vertical_padding":"","_kad_post_feature":"","_kad_post_feature_position":"","_kad_post_header":false,"_kad_post_footer":false,"_kad_post_classname":"","footnotes":""},"class_list":["post-50","page","type-page","status-publish","has-post-thumbnail","hentry"],"_links":{"self":[{"href":"https:\/\/mwieczorek.pl\/index.php?rest_route=\/wp\/v2\/pages\/50","targetHints":{"allow":["GET"]}}],"collection":[{"href":"https:\/\/mwieczorek.pl\/index.php?rest_route=\/wp\/v2\/pages"}],"about":[{"href":"https:\/\/mwieczorek.pl\/index.php?rest_route=\/wp\/v2\/types\/page"}],"author":[{"embeddable":true,"href":"https:\/\/mwieczorek.pl\/index.php?rest_route=\/wp\/v2\/users\/1"}],"replies":[{"embeddable":true,"href":"https:\/\/mwieczorek.pl\/index.php?rest_route=%2Fwp%2Fv2%2Fcomments&post=50"}],"version-history":[{"count":110,"href":"https:\/\/mwieczorek.pl\/index.php?rest_route=\/wp\/v2\/pages\/50\/revisions"}],"predecessor-version":[{"id":1776,"href":"https:\/\/mwieczorek.pl\/index.php?rest_route=\/wp\/v2\/pages\/50\/revisions\/1776"}],"wp:featuredmedia":[{"embeddable":true,"href":"https:\/\/mwieczorek.pl\/index.php?rest_route=\/wp\/v2\/media\/737"}],"wp:attachment":[{"href":"https:\/\/mwieczorek.pl\/index.php?rest_route=%2Fwp%2Fv2%2Fmedia&parent=50"}],"curies":[{"name":"wp","href":"https:\/\/api.w.org\/{rel}","templated":true}]}}