{"id":1384,"date":"2025-01-17T13:22:15","date_gmt":"2025-01-17T13:22:15","guid":{"rendered":"https:\/\/marcin.wserwis.waw.pl\/?page_id=1384"},"modified":"2025-01-17T14:29:05","modified_gmt":"2025-01-17T14:29:05","slug":"o-mnie-w-tekstyliach-bis-i-w-parnasie-bis","status":"publish","type":"page","link":"https:\/\/mwieczorek.pl\/?page_id=1384","title":{"rendered":"O mnie w \u201eTekstyliach bis\u201d i w \u201eParnasie bis\u201d"},"content":{"rendered":"\n<p><strong>\u201eTekstylia bis\u201d <\/strong><\/p>\n\n\n<div class=\"wp-block-image\">\n<figure class=\"alignright size-full is-resized\"><img loading=\"lazy\" decoding=\"async\" width=\"471\" height=\"645\" src=\"https:\/\/mwieczorek.pl\/wp-content\/uploads\/2025\/01\/Tekstualia-bis.jpg\" alt=\"\" class=\"wp-image-1385\" style=\"width:358px;height:auto\" srcset=\"https:\/\/mwieczorek.pl\/wp-content\/uploads\/2025\/01\/Tekstualia-bis.jpg 471w, https:\/\/mwieczorek.pl\/wp-content\/uploads\/2025\/01\/Tekstualia-bis-219x300.jpg 219w\" sizes=\"auto, (max-width: 471px) 100vw, 471px\" \/><\/figure>\n<\/div>\n\n\n<p>Wieczorek Marcin (1971) \u2013 poeta, socjolog kultury, literaturoznawca. Wyda\u0142 tomy poetyckie: \/Z ostatniej chwili\/ (Warszawa 1992) i \/Otwarcie\/ (Krak\u00f3w 2002) oraz monografi\u0119 pisma Roberta Tekieli \u2013 \u201e\/bruLion\u201d. Instrukcja obs\u0142ugi\/ (Krak\u00f3w 2005). Karol Maliszewski (w \/Zwierz\u0119ciu na J.\/) dostrzeg\u0142 pr\u00f3by przekraczania granic dzi\u0119ki wyobra\u017ani w pierwszych utworach warszawiaka. \u201eOddech, powietrze, przestrze\u0144. Bohater kr\u0119ci si\u0119 w labiryncie miasta i usi\u0142uje uspokoi\u0107 oddech. Bombardowany wielo\u015bci\u0105 bod\u017ac\u00f3w, skojarze\u0144, ca\u0142\u0105 t\u0105 kakofoni\u0105 naoczno\u015bci, dusi si\u0119, wyrywa do wi\u0119kszej przestrzeni. W og\u00f3le chcia\u0142by czego\u015b wi\u0119kszego\u201d \u2013 pisa\u0142 krytyk. W \/Otwarciu\/ szczeg\u00f3lnie mocno wida\u0107 by\u0142o praktyk\u0119 wyrywania si\u0119 z \u201edusznej przestrzeni\u201d wiersza, podwa\u017caj\u0105c moc s\u0142owa, kt\u00f3re to nadu\u017cywane, traci znaczenie, ale niewypowiedziane \u2013 nie mo\u017ce go zyska\u0107 (\u201ekocham ci\u0119\u201d \u2013 \u201enic\u201d). By unikn\u0105\u0107 jednolito\u015bci retorycznej, poeta zaproponowa\u0142 utwory, b\u0119d\u0105ce jedynie fragmentami wizji, materia\u0142em czekaj\u0105cym na dalsze odkrywanie, szukanie prze\u015bwit\u00f3w w formule zwanej poezj\u0105. U\u017cy\u0142 do tego r\u00f3\u017cnych styl\u00f3w i modeli wiersza: od lingwizmu do prozy poetyckiej. Odmienne formalnie teksty po\u0142\u0105czy\u0142a otwarta kompozycja wierszy oraz tematy (codzienno\u015b\u0107, fizyczno\u015b\u0107, oswajanie \u015bmierci). [T.Ch.]<\/p>\n\n\n\n<p>&#8222;Tekstylia bis&#8221;, Krak\u00f3w 2006<\/p>\n\n\n\n<p><\/p>\n\n\n\n<p><\/p>\n\n\n<style>.wp-block-kadence-spacer.kt-block-spacer-1384_84c0fe-91 .kt-block-spacer{height:20px;}.wp-block-kadence-spacer.kt-block-spacer-1384_84c0fe-91 .kt-divider-stripe{height:1px;width:13%;}<\/style>\n<div class=\"wp-block-kadence-spacer aligncenter kt-block-spacer-1384_84c0fe-91\"><div class=\"kt-block-spacer kt-block-spacer-halign-center\"><span class=\"kt-divider-stripe\"><svg xmlns=\"http:\/\/www.w3.org\/2000\/svg\" width=\"100%\" height=\"100%\" class=\"kb-pattern-svg-divider kb-stripes-svg\"><defs><pattern id=\"pat1384_84c0fe-91\" width=\"7\" height=\"7\" patternTransform=\"rotate(40)\" patternUnits=\"userSpaceOnUse\"><line x1=\"0\" y=\"0\" x2=\"0\" y2=\"7\" stroke=\"#eee\" stroke-width=\"4\"><\/line><\/pattern><\/defs><rect width=\"100%\" height=\"100%\" fill=\"url(#pat1384_84c0fe-91)\" opacity=\"1\"><\/rect><\/svg><\/span><\/div><\/div>\n\n\n\n<p><\/p>\n\n\n\n<p><strong>\u201eParnas bis\u201d <\/strong><\/p>\n\n\n<div class=\"wp-block-image\">\n<figure class=\"alignright size-full\"><img loading=\"lazy\" decoding=\"async\" width=\"376\" height=\"528\" src=\"https:\/\/mwieczorek.pl\/wp-content\/uploads\/2025\/01\/parnas-bis-slownik-literatury-polskiej-urodzonej-po-1960-roku.jpg\" alt=\"\" class=\"wp-image-1386\" srcset=\"https:\/\/mwieczorek.pl\/wp-content\/uploads\/2025\/01\/parnas-bis-slownik-literatury-polskiej-urodzonej-po-1960-roku.jpg 376w, https:\/\/mwieczorek.pl\/wp-content\/uploads\/2025\/01\/parnas-bis-slownik-literatury-polskiej-urodzonej-po-1960-roku-214x300.jpg 214w\" sizes=\"auto, (max-width: 376px) 100vw, 376px\" \/><\/figure>\n<\/div>\n\n\n<p>WIECZOREK MARCIN (1971) &#8211; poeta i krytyk.<\/p>\n\n\n\n<p>Debiutowa\u0142 w 1991 r. w \u201ePotopie&#8221;, wiersze publikowa\u0142 takie m.in. w &#8222;Nowym Nurcie&#8221; &#8222;Kresach&#8221; oraz &#8222;Pracowni&#8221;. Opublikowa\u0142 tomik wierszy &#8222;Z ostatniej chwili&#8221; (Warszawa 1992). W promuj\u0105cej go nocie ok\u0142adkowej Piotr Matywiecki napisa\u0142, \u017ce jest w tej poezji pewien kantyczkowy ton &#8211; delikatny, stylowy, ale nie przestylizowany, z Apollinaire&#8217;a, a nie z cz\u0119stochowszczyzny &#8211; oraz ujmuj\u0105ca praca nad prawo\u015bci\u0105 oraz czysto\u015bci\u0105 spojrzenia.<\/p>\n\n\n\n<p>Karol Maliszewski (,.Nowy Nurt&#8221; nr 6\/96) usi\u0142owa\u0142 wpasowa\u0107 nowsze wiersze Wieczorka w wymy\u015blony na okre\u015blenie poezji Sendeckiego reizm, zaznaczaj\u0105c, \u017ce zauwa\u017ca tak\u017ce biedrzyck\u0105 agresywno\u015b\u0107 w interpunkcji i metafizyczny quasi-lingwizm w duchu Ewy Lipskiej, zauwa\u017calny tak\u017ce u Bonowicza, Domarusa i Kantorskiego. Oddech, powietrze, przestrzeni. Bohater kr\u0119ci si\u0119 w labiryncie miasta i usi\u0142uje uspokoi\u0107 oddech. Bombardowany wielo\u015bci\u0105 bod\u017ac\u00f3w, skojarze\u0144 ca\u0142q t\u0105 kakofoni\u0105 naoczno\u015bci; dusi si\u0119, wyrywa do wi\u0119kszej przestrzeni. (&#8230;) Wyeksploatowana metafora oddechu nabiera tu jakie\u015b dodatkowej; jakby neurotycznej g\u0119sto\u015bci &#8211; pisa\u0142 Maliszewski. Wieczorek by\u0142 nawet wymieniany przez Karola Maliszewskiego jako jedna z trzech najciekawszych nowych osobowo\u015bci poetyckich (,.Nast\u0119pcy i nast\u0119pstwa&#8221;, &#8222;Kresy&#8221; nr 2\/97).<\/p>\n\n\n\n<p>Jak g\u0142osi wie\u015b\u0107 gminna, na pocz\u0105tku 1999 r. tom wierszy Wieczorka ma ukaza\u0107 si\u0119 w twardej oprawie nak\u0142adem pewnego du\u017cego wydawnictwa.<\/p>\n\n\n\n<p>Jeden z pomniejszych bohater\u00f3w ksi\u0105\u017cki Krzysztofa Vargi &#8222;Ch\u0142opaki nie p\u0142acz\u0105&#8221; oraz jej kontynuacji.<\/p>\n\n\n\n<p>Autor powszechnie chwalonej pracy magisterskiej o &#8222;bruLionie&#8221; (&#8222;bruLion &#8211; fenomen skutecznej dzia\u0142alno\u015bci w kulturze&#8221;), kt\u00f3ra mia\u0142a ukaza\u0107 si\u0119 jako ksi\u0105\u017cka jesieni\u0105 1998 r., ale jej losy s\u0105 obecnie niewiadome, gdy\u017c KBN nie przyzna\u0142 na\u0144 grantu. Ceniony po niej jako analityk, napisa\u0142 tak\u017ce szkic o &#8222;Nowym Nurcie&#8221;, opublikowany w &#8222;Czasie Kultury&#8221; (nr 4\/97). Recenzje ksi\u0105\u017ckowe publikuje g\u0142\u00f3wnie w wo\u0142kowym ,,\u017byciu&#8221;.<\/p>\n\n\n\n<p>Prywatnie: doktorant na polonistyce UW, dorabia jako korektor, mieszka w Warszawie, kawaler.<\/p>\n\n\n\n<p>\u201eParnas bis\u201d, 2006<\/p>\n","protected":false},"excerpt":{"rendered":"<p>\u201eTekstylia bis\u201d Wieczorek Marcin (1971) \u2013 poeta, socjolog kultury, literaturoznawca. Wyda\u0142 tomy poetyckie: \/Z ostatniej chwili\/ (Warszawa 1992) i \/Otwarcie\/ (Krak\u00f3w 2002) oraz monografi\u0119 pisma Roberta Tekieli \u2013 \u201e\/bruLion\u201d. Instrukcja obs\u0142ugi\/ (Krak\u00f3w 2005). Karol Maliszewski (w \/Zwierz\u0119ciu na J.\/) dostrzeg\u0142 pr\u00f3by przekraczania granic dzi\u0119ki wyobra\u017ani w pierwszych utworach warszawiaka. \u201eOddech, powietrze, przestrze\u0144. Bohater kr\u0119ci si\u0119&#8230;<\/p>\n","protected":false},"author":2,"featured_media":1385,"parent":0,"menu_order":0,"comment_status":"closed","ping_status":"closed","template":"","meta":{"_kad_post_transparent":"","_kad_post_title":"","_kad_post_layout":"","_kad_post_sidebar_id":"","_kad_post_content_style":"","_kad_post_vertical_padding":"","_kad_post_feature":"","_kad_post_feature_position":"","_kad_post_header":false,"_kad_post_footer":false,"_kad_post_classname":"","footnotes":""},"class_list":["post-1384","page","type-page","status-publish","has-post-thumbnail","hentry"],"_links":{"self":[{"href":"https:\/\/mwieczorek.pl\/index.php?rest_route=\/wp\/v2\/pages\/1384","targetHints":{"allow":["GET"]}}],"collection":[{"href":"https:\/\/mwieczorek.pl\/index.php?rest_route=\/wp\/v2\/pages"}],"about":[{"href":"https:\/\/mwieczorek.pl\/index.php?rest_route=\/wp\/v2\/types\/page"}],"author":[{"embeddable":true,"href":"https:\/\/mwieczorek.pl\/index.php?rest_route=\/wp\/v2\/users\/2"}],"replies":[{"embeddable":true,"href":"https:\/\/mwieczorek.pl\/index.php?rest_route=%2Fwp%2Fv2%2Fcomments&post=1384"}],"version-history":[{"count":5,"href":"https:\/\/mwieczorek.pl\/index.php?rest_route=\/wp\/v2\/pages\/1384\/revisions"}],"predecessor-version":[{"id":1392,"href":"https:\/\/mwieczorek.pl\/index.php?rest_route=\/wp\/v2\/pages\/1384\/revisions\/1392"}],"wp:featuredmedia":[{"embeddable":true,"href":"https:\/\/mwieczorek.pl\/index.php?rest_route=\/wp\/v2\/media\/1385"}],"wp:attachment":[{"href":"https:\/\/mwieczorek.pl\/index.php?rest_route=%2Fwp%2Fv2%2Fmedia&parent=1384"}],"curies":[{"name":"wp","href":"https:\/\/api.w.org\/{rel}","templated":true}]}}